{"id":5044,"date":"2024-08-06T16:55:29","date_gmt":"2024-08-06T19:55:29","guid":{"rendered":"http:\/\/localhost\/moldd\/?post_type=product&#038;p=5044"},"modified":"2026-04-28T23:04:39","modified_gmt":"2026-04-29T02:04:39","slug":"cadeira-falx-com-braco-2","status":"publish","type":"product","link":"https:\/\/moldd.com.br\/catalogo-virtual\/produto\/cadeira-falx-com-braco-2\/","title":{"rendered":"Cadeira Falx com bra\u00e7o"},"content":{"rendered":"\t\t<div data-elementor-type=\"product-post\" data-elementor-id=\"5044\" class=\"elementor elementor-5044\" data-elementor-post-type=\"product\">\n\t\t\t\t<div data-particle_enable=\"false\" data-particle-mobile-disabled=\"false\" class=\"elementor-element elementor-element-3681f31 e-con-full e-flex e-con e-parent\" data-id=\"3681f31\" data-element_type=\"container\">\n\t\t<div data-particle_enable=\"false\" data-particle-mobile-disabled=\"false\" class=\"elementor-element elementor-element-c7e370e e-con-full e-flex e-con e-parent\" data-id=\"c7e370e\" data-element_type=\"container\">\n\t\t\t\t<\/div>\n\t\t<div data-particle_enable=\"false\" data-particle-mobile-disabled=\"false\" class=\"elementor-element elementor-element-c8e3008 e-con-full e-flex e-con e-parent\" data-id=\"c8e3008\" data-element_type=\"container\" data-settings=\"{&quot;background_background&quot;:&quot;classic&quot;}\">\n\t\t<div data-particle_enable=\"false\" data-particle-mobile-disabled=\"false\" class=\"elementor-element elementor-element-91e3d04 e-con-full e-flex e-con e-parent\" data-id=\"91e3d04\" data-element_type=\"container\">\n\t\t\t\t<div class=\"elementor-element elementor-element-e85cb66 elementor-widget elementor-widget-text-editor\" data-id=\"e85cb66\" data-element_type=\"widget\" data-widget_type=\"text-editor.default\">\n\t\t\t\t\t\t\t\t\t<p>&#8220;Falx \u00e9 uma palavra que vem do latim, cujo significado \u00e9 foice, posteriormente foi um termo adotado para v\u00e1rios tipos de l\u00e2minas curvas na antiguidade. Dessas l\u00e2minas, surgiu um tipo de espada de formas sinuosas, utilizadas na antiguidade pelos Tr\u00e1cios, D\u00e1cios e pelos Romanos.<p>Como um aficionado por hist\u00f3ria antiga, armas e arqueologia e posteriormente ao desenvolvimento da cadeira, me recordei deste tipo de l\u00e2mina e suas formas similar e s\u00e3o perfil da pe\u00e7a. Desenhei o primeiro esbo\u00e7o da cadeira em 2007, em 2020 toda a linha de assentos e finalmente em 2021 a fam\u00edlia Falx completa.<p>A linha FALX tem uma est\u00e9tica que se insinua nos estilos \u201cSteampunk\u201d e \u201cArt Deco\u201d, dos quais sou grande admirador, por\u00e9m com ares de modernidade, sobriedade e refinamento.&#8221;\t\t\t\t\t\t\t\t<\/div>\n\t\t\t\t<\/div>\n\t\t<div data-particle_enable=\"false\" data-particle-mobile-disabled=\"false\" class=\"elementor-element elementor-element-1fc5326 e-con-full e-flex e-con e-parent\" data-id=\"1fc5326\" data-element_type=\"container\">\n\t\t\t\t<div class=\"elementor-element elementor-element-188323e elementor-widget elementor-widget-text-editor\" data-id=\"188323e\" data-element_type=\"widget\" data-widget_type=\"text-editor.default\">\n\t\t\t\t\t\t\t\t\t<p>Estrutura A\u00e7o Maci\u00e7o Pintado com Fundo Anticorrosivo;<br \/>Tinta Metalizada e Verniz Fosco; Preto, Prata, Cobre, Dourado e Champanhe.<ul><li>Assento e encosto em Madeira Maci\u00e7a de Jequitib\u00e1 Nat, Mel, Nogal, Am\u00eandoa, Moka e \u00c9bano.<li>Assento e encosto estofado (D33 assento\/D26 encosto) em Couro.<li>Assento e encosto em palha tela natural.<p><strong>Varia\u00e7\u00f5es:<br \/>Encosto em madeira \/ assento em madeira;<br \/>Encosto em madeira \/ assento estofado;<br \/>Encosto em palha \/ assento em palha;<br \/>Encosto em palha \/ assento estofado;<br \/>Encosto em palha \/ assento em madeira;<br \/>Encosto estofado \/ assento estofado;<br \/>Encosto estofado \/ assento em madeira;<p>Apoio dos bra\u00e7os em Madeira.\t\t\t\t\t\t\t\t<\/div>\n\t\t\t\t<div class=\"elementor-element elementor-element-c198515 elementor-widget-divider--view-line elementor-widget elementor-widget-divider\" data-id=\"c198515\" data-element_type=\"widget\" data-widget_type=\"divider.default\">\n\t\t\t\t\t\t\t<div class=\"elementor-divider\">\n\t\t\t<span class=\"elementor-divider-separator\">\n\t\t\t\t\t\t<\/span>\n\t\t<\/div>\n\t\t\t\t\t\t<\/div>\n\t\t\t\t<div class=\"elementor-element elementor-element-640a372 elementor-widget elementor-widget-text-editor\" data-id=\"640a372\" data-element_type=\"widget\" data-widget_type=\"text-editor.default\">\n\t\t\t\t\t\t\t\t\t<p>0,55L x 0,62P x 0,85A<p>Largura do assento: 0,51<br \/>Altura do assento: 0,45<br \/>Altura do bra\u00e7o: 0,68\t\t\t\t\t\t\t\t<\/div>\n\t\t\t\t<\/div>\n\t\t\t\t<\/div>\n\t\t\t\t<\/div>\n\t\t<div data-particle_enable=\"false\" data-particle-mobile-disabled=\"false\" class=\"elementor-element elementor-element-528a275 e-flex e-con-boxed e-con e-parent\" data-id=\"528a275\" data-element_type=\"container\">\n\t\t\t\t\t<div class=\"e-con-inner\">\n\t\t\t\t\t<\/div>\n\t\t\t\t<\/div>\n\t\t\t\t<\/div>\n\t\t","protected":false},"excerpt":{"rendered":"<p class=\"cvGsUA direction-ltr align-start para-style-body\"><span class=\"OYPEnA font-feature-liga-off font-feature-clig-off font-feature-calt-off text-decoration-none text-strikethrough-none\">Design por Fernando Motta<\/span><\/p>\n<h3><\/h3>\n<p class=\"cvGsUA direction-ltr align-justify para-style-body\"><strong><span class=\"OYPEnA font-feature-liga-off font-feature-clig-off font-feature-calt-off text-decoration-none text-strikethrough-none\">Materiais e Acabamentos:<br \/>\n<\/span><\/strong><span class=\"OYPEnA font-feature-liga-off font-feature-clig-off font-feature-calt-off text-decoration-none text-strikethrough-none\">Base em A\u00e7o Maci\u00e7o Pintado Preto.<br \/>\n<\/span><span class=\"OYPEnA font-feature-liga-off font-feature-clig-off font-feature-calt-off text-decoration-none text-strikethrough-none\">Assento e Encosto em Madeira Maci\u00e7a <\/span><span class=\"OYPEnA font-feature-liga-off font-feature-clig-off font-feature-calt-off text-decoration-none text-strikethrough-none\">Jequitib\u00e1 Ebanizada.<\/span><\/p>\n<h3><\/h3>\n<p class=\"cvGsUA direction-ltr align-start para-style-body\"><strong><span class=\"OYPEnA font-feature-liga-off font-feature-clig-off font-feature-calt-off text-decoration-none text-strikethrough-none\">Dimens\u00f5es:<br \/>\n<\/span><\/strong><span class=\"OYPEnA font-feature-liga-off font-feature-clig-off font-feature-calt-off text-decoration-none text-strikethrough-none\">0,45L x 0,62P x 0,85A<\/span><\/p>\n","protected":false},"featured_media":6058,"template":"","meta":{"_acf_changed":false},"product_brand":[],"product_cat":[76,74,92,101],"product_tag":[220],"class_list":{"0":"post-5044","1":"product","2":"type-product","3":"status-publish","4":"has-post-thumbnail","6":"product_cat-1-mobiliarios","7":"product_cat-4-designers","8":"product_cat-cadeiras","9":"product_cat-fernando-de-sa-motta","10":"product_tag-cadeiras","12":"first","13":"instock","14":"sale","15":"virtual","16":"purchasable","17":"product-type-simple"},"acf":[],"yoast_head":"<!-- This site is optimized with the Yoast SEO Premium plugin v25.9 (Yoast SEO v27.6) - https:\/\/yoast.com\/product\/yoast-seo-premium-wordpress\/ -->\n<title>Cadeira Falx com bra\u00e7o - Moldd<\/title>\n<meta name=\"robots\" content=\"index, follow, max-snippet:-1, max-image-preview:large, max-video-preview:-1\" \/>\n<link rel=\"canonical\" href=\"https:\/\/moldd.com.br\/catalogo-virtual\/produto\/cadeira-falx-com-braco-2\/\" \/>\n<meta property=\"og:locale\" content=\"pt_BR\" \/>\n<meta property=\"og:type\" content=\"article\" \/>\n<meta property=\"og:title\" content=\"Cadeira Falx com bra\u00e7o\" \/>\n<meta property=\"og:description\" content=\"Design por Fernando Motta   Materiais e Acabamentos: Base em A\u00e7o Maci\u00e7o Pintado Preto. Assento e Encosto em Madeira Maci\u00e7a Jequitib\u00e1 Ebanizada.   Dimens\u00f5es: 0,45L x 0,62P x 0,85A\" \/>\n<meta property=\"og:url\" content=\"https:\/\/moldd.com.br\/catalogo-virtual\/produto\/cadeira-falx-com-braco-2\/\" \/>\n<meta property=\"og:site_name\" content=\"Moldd\" \/>\n<meta property=\"article:publisher\" content=\"https:\/\/www.facebook.com\/molddbr\" \/>\n<meta property=\"article:modified_time\" content=\"2026-04-29T02:04:39+00:00\" \/>\n<meta property=\"og:image\" content=\"https:\/\/moldd.com.br\/catalogo-virtual\/wp-content\/uploads\/2024\/08\/Cadeira-Falx-com-Braco.png\" \/>\n\t<meta property=\"og:image:width\" content=\"600\" \/>\n\t<meta property=\"og:image:height\" content=\"740\" \/>\n\t<meta property=\"og:image:type\" content=\"image\/png\" \/>\n<meta name=\"twitter:card\" content=\"summary_large_image\" \/>\n<meta name=\"twitter:label1\" content=\"Pre\u00e7o\" \/>\n\t<meta name=\"twitter:data1\" content=\"&#082;&#036;&nbsp;5.184,19\" \/>\n\t<meta name=\"twitter:label2\" content=\"Disponibilidade\" \/>\n\t<meta name=\"twitter:data2\" content=\"Em Estoque\" \/>\n<script type=\"application\/ld+json\" class=\"yoast-schema-graph\">{\"@context\":\"https:\\\/\\\/schema.org\",\"@graph\":[{\"@type\":\"WebPage\",\"@id\":\"https:\\\/\\\/moldd.com.br\\\/catalogo-virtual\\\/produto\\\/cadeira-falx-com-braco-2\\\/\",\"url\":\"https:\\\/\\\/moldd.com.br\\\/catalogo-virtual\\\/produto\\\/cadeira-falx-com-braco-2\\\/\",\"name\":\"Cadeira Falx com bra\u00e7o - Moldd\",\"isPartOf\":{\"@id\":\"https:\\\/\\\/moldd.com.br\\\/catalogo-virtual\\\/#website\"},\"primaryImageOfPage\":{\"@id\":\"https:\\\/\\\/moldd.com.br\\\/catalogo-virtual\\\/produto\\\/cadeira-falx-com-braco-2\\\/#primaryimage\"},\"image\":{\"@id\":\"https:\\\/\\\/moldd.com.br\\\/catalogo-virtual\\\/produto\\\/cadeira-falx-com-braco-2\\\/#primaryimage\"},\"thumbnailUrl\":\"https:\\\/\\\/moldd.com.br\\\/catalogo-virtual\\\/wp-content\\\/uploads\\\/2024\\\/08\\\/Cadeira-Falx-com-Braco.png\",\"datePublished\":\"2024-08-06T19:55:29+00:00\",\"dateModified\":\"2026-04-29T02:04:39+00:00\",\"breadcrumb\":{\"@id\":\"https:\\\/\\\/moldd.com.br\\\/catalogo-virtual\\\/produto\\\/cadeira-falx-com-braco-2\\\/#breadcrumb\"},\"inLanguage\":\"pt-BR\",\"potentialAction\":[{\"@type\":\"ReadAction\",\"target\":[\"https:\\\/\\\/moldd.com.br\\\/catalogo-virtual\\\/produto\\\/cadeira-falx-com-braco-2\\\/\"]}]},{\"@type\":\"ImageObject\",\"inLanguage\":\"pt-BR\",\"@id\":\"https:\\\/\\\/moldd.com.br\\\/catalogo-virtual\\\/produto\\\/cadeira-falx-com-braco-2\\\/#primaryimage\",\"url\":\"https:\\\/\\\/moldd.com.br\\\/catalogo-virtual\\\/wp-content\\\/uploads\\\/2024\\\/08\\\/Cadeira-Falx-com-Braco.png\",\"contentUrl\":\"https:\\\/\\\/moldd.com.br\\\/catalogo-virtual\\\/wp-content\\\/uploads\\\/2024\\\/08\\\/Cadeira-Falx-com-Braco.png\",\"width\":600,\"height\":740},{\"@type\":\"BreadcrumbList\",\"@id\":\"https:\\\/\\\/moldd.com.br\\\/catalogo-virtual\\\/produto\\\/cadeira-falx-com-braco-2\\\/#breadcrumb\",\"itemListElement\":[{\"@type\":\"ListItem\",\"position\":1,\"name\":\"In\u00edcio\",\"item\":\"https:\\\/\\\/moldd.com.br\\\/catalogo-virtual\\\/\"},{\"@type\":\"ListItem\",\"position\":2,\"name\":\"Cat\u00e1logo\",\"item\":\"https:\\\/\\\/moldd.com.br\\\/catalogo-virtual\\\/\"},{\"@type\":\"ListItem\",\"position\":3,\"name\":\"Cadeira Falx com bra\u00e7o\"}]},{\"@type\":\"WebSite\",\"@id\":\"https:\\\/\\\/moldd.com.br\\\/catalogo-virtual\\\/#website\",\"url\":\"https:\\\/\\\/moldd.com.br\\\/catalogo-virtual\\\/\",\"name\":\"Moldd.br\",\"description\":\"M\u00f3veis e Objetos de Decora\u00e7\u00e3o\",\"publisher\":{\"@id\":\"https:\\\/\\\/moldd.com.br\\\/catalogo-virtual\\\/#organization\"},\"alternateName\":\"Moldd\",\"potentialAction\":[{\"@type\":\"SearchAction\",\"target\":{\"@type\":\"EntryPoint\",\"urlTemplate\":\"https:\\\/\\\/moldd.com.br\\\/catalogo-virtual\\\/?s={search_term_string}\"},\"query-input\":{\"@type\":\"PropertyValueSpecification\",\"valueRequired\":true,\"valueName\":\"search_term_string\"}}],\"inLanguage\":\"pt-BR\"},{\"@type\":[\"Organization\",\"Place\",\"FurnitureStore\"],\"@id\":\"https:\\\/\\\/moldd.com.br\\\/catalogo-virtual\\\/#organization\",\"name\":\"Moldd.br\",\"alternateName\":\"Moldd\",\"url\":\"https:\\\/\\\/moldd.com.br\\\/catalogo-virtual\\\/\",\"logo\":{\"@id\":\"https:\\\/\\\/moldd.com.br\\\/catalogo-virtual\\\/produto\\\/cadeira-falx-com-braco-2\\\/#local-main-organization-logo\"},\"image\":{\"@id\":\"https:\\\/\\\/moldd.com.br\\\/catalogo-virtual\\\/produto\\\/cadeira-falx-com-braco-2\\\/#local-main-organization-logo\"},\"sameAs\":[\"https:\\\/\\\/www.facebook.com\\\/molddbr\",\"https:\\\/\\\/br.pinterest.com\\\/molddbr\",\"https:\\\/\\\/www.instagram.com\\\/moldd.br\\\/\"],\"description\":\"Explore m\u00f3veis sofisticados assinados por designers brasileiros. Qualidade, originalidade e eleg\u00e2ncia para o seu espa\u00e7o.\",\"legalName\":\"MOLDD.BR COMERCIO DE MOVEIS LTDA\",\"foundingDate\":\"2022-09-22\",\"numberOfEmployees\":{\"@type\":\"QuantitativeValue\",\"minValue\":\"11\",\"maxValue\":\"50\"},\"address\":{\"@id\":\"https:\\\/\\\/moldd.com.br\\\/catalogo-virtual\\\/produto\\\/cadeira-falx-com-braco-2\\\/#local-main-place-address\"},\"geo\":{\"@type\":\"GeoCoordinates\",\"latitude\":\"-23.6079772\",\"longitude\":\"-46.6949952\"},\"telephone\":[\"(11) 3043-9220\"],\"contactPoint\":{\"@type\":\"ContactPoint\",\"telephone\":\"(11) 3043-9220\",\"email\":\"contato@moldd.com.br\"},\"openingHoursSpecification\":[{\"@type\":\"OpeningHoursSpecification\",\"dayOfWeek\":[\"Sunday\"],\"opens\":\"14:00\",\"closes\":\"19:00\"},{\"@type\":\"OpeningHoursSpecification\",\"dayOfWeek\":[\"Monday\",\"Tuesday\",\"Wednesday\",\"Thursday\",\"Friday\"],\"opens\":\"10:00\",\"closes\":\"21:00\"},{\"@type\":\"OpeningHoursSpecification\",\"dayOfWeek\":[\"Saturday\"],\"opens\":\"10:00\",\"closes\":\"20:00\"}],\"email\":\"contato@moldd.com.br\",\"vatID\":\"48.043.201\\\/0001-00\",\"priceRange\":\"$$$$\"},{\"@type\":\"PostalAddress\",\"@id\":\"https:\\\/\\\/moldd.com.br\\\/catalogo-virtual\\\/produto\\\/cadeira-falx-com-braco-2\\\/#local-main-place-address\",\"streetAddress\":\"R. Geraldo Flausino Gomes, 61 - 9\u00ba Andar, Cidade Mon\u00e7\u00f5es\",\"addressLocality\":\"S\u00e3o Paulo\",\"postalCode\":\"04575-060\",\"addressRegion\":\"SP\",\"addressCountry\":\"BR\"},{\"@type\":\"ImageObject\",\"inLanguage\":\"pt-BR\",\"@id\":\"https:\\\/\\\/moldd.com.br\\\/catalogo-virtual\\\/produto\\\/cadeira-falx-com-braco-2\\\/#local-main-organization-logo\",\"url\":\"\",\"contentUrl\":\"\",\"caption\":\"Moldd.br\"}]}<\/script>\n<meta property=\"product:price:amount\" content=\"5184.19\" \/>\n<meta property=\"product:price:currency\" content=\"BRL\" \/>\n<meta property=\"og:availability\" content=\"instock\" \/>\n<meta property=\"product:availability\" content=\"instock\" \/>\n<meta property=\"product:condition\" content=\"new\" \/>\n<meta name=\"geo.placename\" content=\"S\u00e3o Paulo\" \/>\n<meta name=\"geo.position\" content=\"-23.6079772;-46.6949952\" \/>\n<meta name=\"geo.region\" content=\"Brasil\" \/>\n<!-- \/ Yoast SEO Premium plugin. -->","yoast_head_json":{"title":"Cadeira Falx com bra\u00e7o - Moldd","robots":{"index":"index","follow":"follow","max-snippet":"max-snippet:-1","max-image-preview":"max-image-preview:large","max-video-preview":"max-video-preview:-1"},"canonical":"https:\/\/moldd.com.br\/catalogo-virtual\/produto\/cadeira-falx-com-braco-2\/","og_locale":"pt_BR","og_type":"article","og_title":"Cadeira Falx com bra\u00e7o","og_description":"Design por Fernando Motta   Materiais e Acabamentos: Base em A\u00e7o Maci\u00e7o Pintado Preto. Assento e Encosto em Madeira Maci\u00e7a Jequitib\u00e1 Ebanizada.   Dimens\u00f5es: 0,45L x 0,62P x 0,85A","og_url":"https:\/\/moldd.com.br\/catalogo-virtual\/produto\/cadeira-falx-com-braco-2\/","og_site_name":"Moldd","article_publisher":"https:\/\/www.facebook.com\/molddbr","article_modified_time":"2026-04-29T02:04:39+00:00","og_image":[{"width":600,"height":740,"url":"https:\/\/moldd.com.br\/catalogo-virtual\/wp-content\/uploads\/2024\/08\/Cadeira-Falx-com-Braco.png","type":"image\/png"}],"twitter_card":"summary_large_image","twitter_misc":{"Pre\u00e7o":"&#82;&#36;&nbsp;5.184,19","Disponibilidade":"Em Estoque"},"schema":{"@context":"https:\/\/schema.org","@graph":[{"@type":"WebPage","@id":"https:\/\/moldd.com.br\/catalogo-virtual\/produto\/cadeira-falx-com-braco-2\/","url":"https:\/\/moldd.com.br\/catalogo-virtual\/produto\/cadeira-falx-com-braco-2\/","name":"Cadeira Falx com bra\u00e7o - Moldd","isPartOf":{"@id":"https:\/\/moldd.com.br\/catalogo-virtual\/#website"},"primaryImageOfPage":{"@id":"https:\/\/moldd.com.br\/catalogo-virtual\/produto\/cadeira-falx-com-braco-2\/#primaryimage"},"image":{"@id":"https:\/\/moldd.com.br\/catalogo-virtual\/produto\/cadeira-falx-com-braco-2\/#primaryimage"},"thumbnailUrl":"https:\/\/moldd.com.br\/catalogo-virtual\/wp-content\/uploads\/2024\/08\/Cadeira-Falx-com-Braco.png","datePublished":"2024-08-06T19:55:29+00:00","dateModified":"2026-04-29T02:04:39+00:00","breadcrumb":{"@id":"https:\/\/moldd.com.br\/catalogo-virtual\/produto\/cadeira-falx-com-braco-2\/#breadcrumb"},"inLanguage":"pt-BR","potentialAction":[{"@type":"ReadAction","target":["https:\/\/moldd.com.br\/catalogo-virtual\/produto\/cadeira-falx-com-braco-2\/"]}]},{"@type":"ImageObject","inLanguage":"pt-BR","@id":"https:\/\/moldd.com.br\/catalogo-virtual\/produto\/cadeira-falx-com-braco-2\/#primaryimage","url":"https:\/\/moldd.com.br\/catalogo-virtual\/wp-content\/uploads\/2024\/08\/Cadeira-Falx-com-Braco.png","contentUrl":"https:\/\/moldd.com.br\/catalogo-virtual\/wp-content\/uploads\/2024\/08\/Cadeira-Falx-com-Braco.png","width":600,"height":740},{"@type":"BreadcrumbList","@id":"https:\/\/moldd.com.br\/catalogo-virtual\/produto\/cadeira-falx-com-braco-2\/#breadcrumb","itemListElement":[{"@type":"ListItem","position":1,"name":"In\u00edcio","item":"https:\/\/moldd.com.br\/catalogo-virtual\/"},{"@type":"ListItem","position":2,"name":"Cat\u00e1logo","item":"https:\/\/moldd.com.br\/catalogo-virtual\/"},{"@type":"ListItem","position":3,"name":"Cadeira Falx com bra\u00e7o"}]},{"@type":"WebSite","@id":"https:\/\/moldd.com.br\/catalogo-virtual\/#website","url":"https:\/\/moldd.com.br\/catalogo-virtual\/","name":"Moldd.br","description":"M\u00f3veis e Objetos de Decora\u00e7\u00e3o","publisher":{"@id":"https:\/\/moldd.com.br\/catalogo-virtual\/#organization"},"alternateName":"Moldd","potentialAction":[{"@type":"SearchAction","target":{"@type":"EntryPoint","urlTemplate":"https:\/\/moldd.com.br\/catalogo-virtual\/?s={search_term_string}"},"query-input":{"@type":"PropertyValueSpecification","valueRequired":true,"valueName":"search_term_string"}}],"inLanguage":"pt-BR"},{"@type":["Organization","Place","FurnitureStore"],"@id":"https:\/\/moldd.com.br\/catalogo-virtual\/#organization","name":"Moldd.br","alternateName":"Moldd","url":"https:\/\/moldd.com.br\/catalogo-virtual\/","logo":{"@id":"https:\/\/moldd.com.br\/catalogo-virtual\/produto\/cadeira-falx-com-braco-2\/#local-main-organization-logo"},"image":{"@id":"https:\/\/moldd.com.br\/catalogo-virtual\/produto\/cadeira-falx-com-braco-2\/#local-main-organization-logo"},"sameAs":["https:\/\/www.facebook.com\/molddbr","https:\/\/br.pinterest.com\/molddbr","https:\/\/www.instagram.com\/moldd.br\/"],"description":"Explore m\u00f3veis sofisticados assinados por designers brasileiros. Qualidade, originalidade e eleg\u00e2ncia para o seu espa\u00e7o.","legalName":"MOLDD.BR COMERCIO DE MOVEIS LTDA","foundingDate":"2022-09-22","numberOfEmployees":{"@type":"QuantitativeValue","minValue":"11","maxValue":"50"},"address":{"@id":"https:\/\/moldd.com.br\/catalogo-virtual\/produto\/cadeira-falx-com-braco-2\/#local-main-place-address"},"geo":{"@type":"GeoCoordinates","latitude":"-23.6079772","longitude":"-46.6949952"},"telephone":["(11) 3043-9220"],"contactPoint":{"@type":"ContactPoint","telephone":"(11) 3043-9220","email":"contato@moldd.com.br"},"openingHoursSpecification":[{"@type":"OpeningHoursSpecification","dayOfWeek":["Sunday"],"opens":"14:00","closes":"19:00"},{"@type":"OpeningHoursSpecification","dayOfWeek":["Monday","Tuesday","Wednesday","Thursday","Friday"],"opens":"10:00","closes":"21:00"},{"@type":"OpeningHoursSpecification","dayOfWeek":["Saturday"],"opens":"10:00","closes":"20:00"}],"email":"contato@moldd.com.br","vatID":"48.043.201\/0001-00","priceRange":"$$$$"},{"@type":"PostalAddress","@id":"https:\/\/moldd.com.br\/catalogo-virtual\/produto\/cadeira-falx-com-braco-2\/#local-main-place-address","streetAddress":"R. Geraldo Flausino Gomes, 61 - 9\u00ba Andar, Cidade Mon\u00e7\u00f5es","addressLocality":"S\u00e3o Paulo","postalCode":"04575-060","addressRegion":"SP","addressCountry":"BR"},{"@type":"ImageObject","inLanguage":"pt-BR","@id":"https:\/\/moldd.com.br\/catalogo-virtual\/produto\/cadeira-falx-com-braco-2\/#local-main-organization-logo","url":"","contentUrl":"","caption":"Moldd.br"}]},"product_price_amount":"5184.19","product_price_currency":"BRL","og_availability":"instock","product_availability":"instock","product_condition":"new","geo.placename":"S\u00e3o Paulo","geo.position":{"lat":"-23.6079772","long":"-46.6949952"},"geo.region":"Brasil"},"_links":{"self":[{"href":"https:\/\/moldd.com.br\/catalogo-virtual\/wp-json\/wp\/v2\/product\/5044","targetHints":{"allow":["GET"]}}],"collection":[{"href":"https:\/\/moldd.com.br\/catalogo-virtual\/wp-json\/wp\/v2\/product"}],"about":[{"href":"https:\/\/moldd.com.br\/catalogo-virtual\/wp-json\/wp\/v2\/types\/product"}],"wp:featuredmedia":[{"embeddable":true,"href":"https:\/\/moldd.com.br\/catalogo-virtual\/wp-json\/wp\/v2\/media\/6058"}],"wp:attachment":[{"href":"https:\/\/moldd.com.br\/catalogo-virtual\/wp-json\/wp\/v2\/media?parent=5044"}],"wp:term":[{"taxonomy":"product_brand","embeddable":true,"href":"https:\/\/moldd.com.br\/catalogo-virtual\/wp-json\/wp\/v2\/product_brand?post=5044"},{"taxonomy":"product_cat","embeddable":true,"href":"https:\/\/moldd.com.br\/catalogo-virtual\/wp-json\/wp\/v2\/product_cat?post=5044"},{"taxonomy":"product_tag","embeddable":true,"href":"https:\/\/moldd.com.br\/catalogo-virtual\/wp-json\/wp\/v2\/product_tag?post=5044"}],"curies":[{"name":"wp","href":"https:\/\/api.w.org\/{rel}","templated":true}]}}