{"id":7277,"date":"2025-01-02T14:22:00","date_gmt":"2025-01-02T17:22:00","guid":{"rendered":"https:\/\/moldd.com.br\/catalogo-virtual-v2\/?post_type=product&#038;p=7277"},"modified":"2026-04-28T22:51:31","modified_gmt":"2026-04-29T01:51:31","slug":"mesa-lateral-cogumelo-baixa","status":"publish","type":"product","link":"https:\/\/moldd.com.br\/catalogo-virtual\/produto\/mesa-lateral-cogumelo-baixa\/","title":{"rendered":"Mesa Lateral Cogumelo &#8211; Baixa"},"content":{"rendered":"","protected":false},"excerpt":{"rendered":"<div class=\"elementor-element elementor-element-190b497 elementor-widget elementor-widget-hub_fancy_heading\" data-id=\"190b497\" data-element_type=\"widget\" data-widget_type=\"hub_fancy_heading.default\">\n<div class=\"elementor-widget-container\">\n<div id=\"ld-fancy-heading-676577085d36a\" class=\"ld-fancy-heading pos-rel\">\n<p class=\"ai-optimize-13\">Design por Patr\u00edcia Cecato<\/p>\n<p class=\"ai-optimize-14\"><strong>Materiais e Acabamentos:<br \/>\n<\/strong>A mesa \u00e9 produzida em quartzito Azurra;<br \/>\nP\u00e9 no vibrante Vivid Green.<\/p>\n<p class=\"ai-optimize-15\"><strong>Dimens\u00f5es:<br \/>\n<\/strong>0,30L x 0,35P x 0,40A<\/p>\n<\/div>\n<\/div>\n<\/div>\n","protected":false},"featured_media":7280,"template":"","meta":{"_acf_changed":false},"product_brand":[],"product_cat":[76,74,105,118],"product_tag":[218,254],"class_list":{"0":"post-7277","1":"product","2":"type-product","3":"status-publish","4":"has-post-thumbnail","6":"product_cat-1-mobiliarios","7":"product_cat-4-designers","8":"product_cat-mesas-laterais-apoio","9":"product_cat-patricia-cecato","10":"product_tag-mesas","11":"product_tag-mesas-laterais","13":"first","14":"instock","15":"sale","16":"shipping-taxable","17":"purchasable","18":"product-type-simple"},"acf":[],"yoast_head":"<!-- This site is optimized with the Yoast SEO Premium plugin v25.9 (Yoast SEO v27.5) - https:\/\/yoast.com\/product\/yoast-seo-premium-wordpress\/ -->\n<title>Mesa Lateral Cogumelo - Baixa - Moldd<\/title>\n<meta name=\"robots\" content=\"index, follow, max-snippet:-1, max-image-preview:large, max-video-preview:-1\" \/>\n<link rel=\"canonical\" href=\"https:\/\/moldd.com.br\/catalogo-virtual\/produto\/mesa-lateral-cogumelo-baixa\/\" \/>\n<meta property=\"og:locale\" content=\"pt_BR\" \/>\n<meta property=\"og:type\" content=\"article\" \/>\n<meta property=\"og:title\" content=\"Mesa Lateral Cogumelo - Baixa\" \/>\n<meta property=\"og:description\" content=\"Design por Patr\u00edcia Cecato Materiais e Acabamentos: A mesa \u00e9 produzida em quartzito Azurra; P\u00e9 no vibrante Vivid Green. Dimens\u00f5es: 0,30L x 0,35P x 0,40A\" \/>\n<meta property=\"og:url\" content=\"https:\/\/moldd.com.br\/catalogo-virtual\/produto\/mesa-lateral-cogumelo-baixa\/\" \/>\n<meta property=\"og:site_name\" content=\"Moldd\" \/>\n<meta property=\"article:publisher\" content=\"https:\/\/www.facebook.com\/molddbr\" \/>\n<meta property=\"article:modified_time\" content=\"2026-04-29T01:51:31+00:00\" \/>\n<meta property=\"og:image\" content=\"https:\/\/moldd.com.br\/catalogo-virtual\/wp-content\/uploads\/2025\/01\/Mesa-Lateral-Cogumelo.png\" \/>\n\t<meta property=\"og:image:width\" content=\"600\" \/>\n\t<meta property=\"og:image:height\" content=\"740\" \/>\n\t<meta property=\"og:image:type\" content=\"image\/png\" \/>\n<meta name=\"twitter:card\" content=\"summary_large_image\" \/>\n<meta name=\"twitter:label1\" content=\"Pre\u00e7o\" \/>\n\t<meta name=\"twitter:data1\" content=\"&#082;&#036;&nbsp;7.301,91\" \/>\n\t<meta name=\"twitter:label2\" content=\"Disponibilidade\" \/>\n\t<meta name=\"twitter:data2\" content=\"Em Estoque\" \/>\n<script type=\"application\/ld+json\" class=\"yoast-schema-graph\">{\"@context\":\"https:\\\/\\\/schema.org\",\"@graph\":[{\"@type\":\"WebPage\",\"@id\":\"https:\\\/\\\/moldd.com.br\\\/catalogo-virtual\\\/produto\\\/mesa-lateral-cogumelo-baixa\\\/\",\"url\":\"https:\\\/\\\/moldd.com.br\\\/catalogo-virtual\\\/produto\\\/mesa-lateral-cogumelo-baixa\\\/\",\"name\":\"Mesa Lateral Cogumelo - Baixa - Moldd\",\"isPartOf\":{\"@id\":\"https:\\\/\\\/moldd.com.br\\\/catalogo-virtual\\\/#website\"},\"primaryImageOfPage\":{\"@id\":\"https:\\\/\\\/moldd.com.br\\\/catalogo-virtual\\\/produto\\\/mesa-lateral-cogumelo-baixa\\\/#primaryimage\"},\"image\":{\"@id\":\"https:\\\/\\\/moldd.com.br\\\/catalogo-virtual\\\/produto\\\/mesa-lateral-cogumelo-baixa\\\/#primaryimage\"},\"thumbnailUrl\":\"https:\\\/\\\/moldd.com.br\\\/catalogo-virtual\\\/wp-content\\\/uploads\\\/2025\\\/01\\\/Mesa-Lateral-Cogumelo.png\",\"datePublished\":\"2025-01-02T17:22:00+00:00\",\"dateModified\":\"2026-04-29T01:51:31+00:00\",\"breadcrumb\":{\"@id\":\"https:\\\/\\\/moldd.com.br\\\/catalogo-virtual\\\/produto\\\/mesa-lateral-cogumelo-baixa\\\/#breadcrumb\"},\"inLanguage\":\"pt-BR\",\"potentialAction\":[{\"@type\":\"ReadAction\",\"target\":[\"https:\\\/\\\/moldd.com.br\\\/catalogo-virtual\\\/produto\\\/mesa-lateral-cogumelo-baixa\\\/\"]}]},{\"@type\":\"ImageObject\",\"inLanguage\":\"pt-BR\",\"@id\":\"https:\\\/\\\/moldd.com.br\\\/catalogo-virtual\\\/produto\\\/mesa-lateral-cogumelo-baixa\\\/#primaryimage\",\"url\":\"https:\\\/\\\/moldd.com.br\\\/catalogo-virtual\\\/wp-content\\\/uploads\\\/2025\\\/01\\\/Mesa-Lateral-Cogumelo.png\",\"contentUrl\":\"https:\\\/\\\/moldd.com.br\\\/catalogo-virtual\\\/wp-content\\\/uploads\\\/2025\\\/01\\\/Mesa-Lateral-Cogumelo.png\",\"width\":600,\"height\":740},{\"@type\":\"BreadcrumbList\",\"@id\":\"https:\\\/\\\/moldd.com.br\\\/catalogo-virtual\\\/produto\\\/mesa-lateral-cogumelo-baixa\\\/#breadcrumb\",\"itemListElement\":[{\"@type\":\"ListItem\",\"position\":1,\"name\":\"In\u00edcio\",\"item\":\"https:\\\/\\\/moldd.com.br\\\/catalogo-virtual\\\/\"},{\"@type\":\"ListItem\",\"position\":2,\"name\":\"Cat\u00e1logo\",\"item\":\"https:\\\/\\\/moldd.com.br\\\/catalogo-virtual\\\/\"},{\"@type\":\"ListItem\",\"position\":3,\"name\":\"Mesa Lateral Cogumelo &#8211; Baixa\"}]},{\"@type\":\"WebSite\",\"@id\":\"https:\\\/\\\/moldd.com.br\\\/catalogo-virtual\\\/#website\",\"url\":\"https:\\\/\\\/moldd.com.br\\\/catalogo-virtual\\\/\",\"name\":\"Moldd.br\",\"description\":\"M\u00f3veis e Objetos de Decora\u00e7\u00e3o\",\"publisher\":{\"@id\":\"https:\\\/\\\/moldd.com.br\\\/catalogo-virtual\\\/#organization\"},\"alternateName\":\"Moldd\",\"potentialAction\":[{\"@type\":\"SearchAction\",\"target\":{\"@type\":\"EntryPoint\",\"urlTemplate\":\"https:\\\/\\\/moldd.com.br\\\/catalogo-virtual\\\/?s={search_term_string}\"},\"query-input\":{\"@type\":\"PropertyValueSpecification\",\"valueRequired\":true,\"valueName\":\"search_term_string\"}}],\"inLanguage\":\"pt-BR\"},{\"@type\":[\"Organization\",\"Place\",\"FurnitureStore\"],\"@id\":\"https:\\\/\\\/moldd.com.br\\\/catalogo-virtual\\\/#organization\",\"name\":\"Moldd.br\",\"alternateName\":\"Moldd\",\"url\":\"https:\\\/\\\/moldd.com.br\\\/catalogo-virtual\\\/\",\"logo\":{\"@id\":\"https:\\\/\\\/moldd.com.br\\\/catalogo-virtual\\\/produto\\\/mesa-lateral-cogumelo-baixa\\\/#local-main-organization-logo\"},\"image\":{\"@id\":\"https:\\\/\\\/moldd.com.br\\\/catalogo-virtual\\\/produto\\\/mesa-lateral-cogumelo-baixa\\\/#local-main-organization-logo\"},\"sameAs\":[\"https:\\\/\\\/www.facebook.com\\\/molddbr\",\"https:\\\/\\\/br.pinterest.com\\\/molddbr\",\"https:\\\/\\\/www.instagram.com\\\/moldd.br\\\/\"],\"description\":\"Explore m\u00f3veis sofisticados assinados por designers brasileiros. Qualidade, originalidade e eleg\u00e2ncia para o seu espa\u00e7o.\",\"legalName\":\"MOLDD.BR COMERCIO DE MOVEIS LTDA\",\"foundingDate\":\"2022-09-22\",\"numberOfEmployees\":{\"@type\":\"QuantitativeValue\",\"minValue\":\"11\",\"maxValue\":\"50\"},\"address\":{\"@id\":\"https:\\\/\\\/moldd.com.br\\\/catalogo-virtual\\\/produto\\\/mesa-lateral-cogumelo-baixa\\\/#local-main-place-address\"},\"geo\":{\"@type\":\"GeoCoordinates\",\"latitude\":\"-23.6079772\",\"longitude\":\"-46.6949952\"},\"telephone\":[\"(11) 3043-9220\"],\"contactPoint\":{\"@type\":\"ContactPoint\",\"telephone\":\"(11) 3043-9220\",\"email\":\"contato@moldd.com.br\"},\"openingHoursSpecification\":[{\"@type\":\"OpeningHoursSpecification\",\"dayOfWeek\":[\"Sunday\"],\"opens\":\"14:00\",\"closes\":\"19:00\"},{\"@type\":\"OpeningHoursSpecification\",\"dayOfWeek\":[\"Monday\",\"Tuesday\",\"Wednesday\",\"Thursday\",\"Friday\"],\"opens\":\"10:00\",\"closes\":\"21:00\"},{\"@type\":\"OpeningHoursSpecification\",\"dayOfWeek\":[\"Saturday\"],\"opens\":\"10:00\",\"closes\":\"20:00\"}],\"email\":\"contato@moldd.com.br\",\"vatID\":\"48.043.201\\\/0001-00\",\"priceRange\":\"$$$$\"},{\"@type\":\"PostalAddress\",\"@id\":\"https:\\\/\\\/moldd.com.br\\\/catalogo-virtual\\\/produto\\\/mesa-lateral-cogumelo-baixa\\\/#local-main-place-address\",\"streetAddress\":\"R. Geraldo Flausino Gomes, 61 - 9\u00ba Andar, Cidade Mon\u00e7\u00f5es\",\"addressLocality\":\"S\u00e3o Paulo\",\"postalCode\":\"04575-060\",\"addressRegion\":\"SP\",\"addressCountry\":\"BR\"},{\"@type\":\"ImageObject\",\"inLanguage\":\"pt-BR\",\"@id\":\"https:\\\/\\\/moldd.com.br\\\/catalogo-virtual\\\/produto\\\/mesa-lateral-cogumelo-baixa\\\/#local-main-organization-logo\",\"url\":\"\",\"contentUrl\":\"\",\"caption\":\"Moldd.br\"}]}<\/script>\n<meta property=\"product:price:amount\" content=\"7301.91\" \/>\n<meta property=\"product:price:currency\" content=\"BRL\" \/>\n<meta property=\"og:availability\" content=\"instock\" \/>\n<meta property=\"product:availability\" content=\"instock\" \/>\n<meta property=\"product:condition\" content=\"new\" \/>\n<meta name=\"geo.placename\" content=\"S\u00e3o Paulo\" \/>\n<meta name=\"geo.position\" content=\"-23.6079772;-46.6949952\" \/>\n<meta name=\"geo.region\" content=\"Brasil\" \/>\n<!-- \/ Yoast SEO Premium plugin. -->","yoast_head_json":{"title":"Mesa Lateral Cogumelo - Baixa - Moldd","robots":{"index":"index","follow":"follow","max-snippet":"max-snippet:-1","max-image-preview":"max-image-preview:large","max-video-preview":"max-video-preview:-1"},"canonical":"https:\/\/moldd.com.br\/catalogo-virtual\/produto\/mesa-lateral-cogumelo-baixa\/","og_locale":"pt_BR","og_type":"article","og_title":"Mesa Lateral Cogumelo - Baixa","og_description":"Design por Patr\u00edcia Cecato Materiais e Acabamentos: A mesa \u00e9 produzida em quartzito Azurra; P\u00e9 no vibrante Vivid Green. Dimens\u00f5es: 0,30L x 0,35P x 0,40A","og_url":"https:\/\/moldd.com.br\/catalogo-virtual\/produto\/mesa-lateral-cogumelo-baixa\/","og_site_name":"Moldd","article_publisher":"https:\/\/www.facebook.com\/molddbr","article_modified_time":"2026-04-29T01:51:31+00:00","og_image":[{"width":600,"height":740,"url":"https:\/\/moldd.com.br\/catalogo-virtual\/wp-content\/uploads\/2025\/01\/Mesa-Lateral-Cogumelo.png","type":"image\/png"}],"twitter_card":"summary_large_image","twitter_misc":{"Pre\u00e7o":"&#82;&#36;&nbsp;7.301,91","Disponibilidade":"Em Estoque"},"schema":{"@context":"https:\/\/schema.org","@graph":[{"@type":"WebPage","@id":"https:\/\/moldd.com.br\/catalogo-virtual\/produto\/mesa-lateral-cogumelo-baixa\/","url":"https:\/\/moldd.com.br\/catalogo-virtual\/produto\/mesa-lateral-cogumelo-baixa\/","name":"Mesa Lateral Cogumelo - Baixa - Moldd","isPartOf":{"@id":"https:\/\/moldd.com.br\/catalogo-virtual\/#website"},"primaryImageOfPage":{"@id":"https:\/\/moldd.com.br\/catalogo-virtual\/produto\/mesa-lateral-cogumelo-baixa\/#primaryimage"},"image":{"@id":"https:\/\/moldd.com.br\/catalogo-virtual\/produto\/mesa-lateral-cogumelo-baixa\/#primaryimage"},"thumbnailUrl":"https:\/\/moldd.com.br\/catalogo-virtual\/wp-content\/uploads\/2025\/01\/Mesa-Lateral-Cogumelo.png","datePublished":"2025-01-02T17:22:00+00:00","dateModified":"2026-04-29T01:51:31+00:00","breadcrumb":{"@id":"https:\/\/moldd.com.br\/catalogo-virtual\/produto\/mesa-lateral-cogumelo-baixa\/#breadcrumb"},"inLanguage":"pt-BR","potentialAction":[{"@type":"ReadAction","target":["https:\/\/moldd.com.br\/catalogo-virtual\/produto\/mesa-lateral-cogumelo-baixa\/"]}]},{"@type":"ImageObject","inLanguage":"pt-BR","@id":"https:\/\/moldd.com.br\/catalogo-virtual\/produto\/mesa-lateral-cogumelo-baixa\/#primaryimage","url":"https:\/\/moldd.com.br\/catalogo-virtual\/wp-content\/uploads\/2025\/01\/Mesa-Lateral-Cogumelo.png","contentUrl":"https:\/\/moldd.com.br\/catalogo-virtual\/wp-content\/uploads\/2025\/01\/Mesa-Lateral-Cogumelo.png","width":600,"height":740},{"@type":"BreadcrumbList","@id":"https:\/\/moldd.com.br\/catalogo-virtual\/produto\/mesa-lateral-cogumelo-baixa\/#breadcrumb","itemListElement":[{"@type":"ListItem","position":1,"name":"In\u00edcio","item":"https:\/\/moldd.com.br\/catalogo-virtual\/"},{"@type":"ListItem","position":2,"name":"Cat\u00e1logo","item":"https:\/\/moldd.com.br\/catalogo-virtual\/"},{"@type":"ListItem","position":3,"name":"Mesa Lateral Cogumelo &#8211; Baixa"}]},{"@type":"WebSite","@id":"https:\/\/moldd.com.br\/catalogo-virtual\/#website","url":"https:\/\/moldd.com.br\/catalogo-virtual\/","name":"Moldd.br","description":"M\u00f3veis e Objetos de Decora\u00e7\u00e3o","publisher":{"@id":"https:\/\/moldd.com.br\/catalogo-virtual\/#organization"},"alternateName":"Moldd","potentialAction":[{"@type":"SearchAction","target":{"@type":"EntryPoint","urlTemplate":"https:\/\/moldd.com.br\/catalogo-virtual\/?s={search_term_string}"},"query-input":{"@type":"PropertyValueSpecification","valueRequired":true,"valueName":"search_term_string"}}],"inLanguage":"pt-BR"},{"@type":["Organization","Place","FurnitureStore"],"@id":"https:\/\/moldd.com.br\/catalogo-virtual\/#organization","name":"Moldd.br","alternateName":"Moldd","url":"https:\/\/moldd.com.br\/catalogo-virtual\/","logo":{"@id":"https:\/\/moldd.com.br\/catalogo-virtual\/produto\/mesa-lateral-cogumelo-baixa\/#local-main-organization-logo"},"image":{"@id":"https:\/\/moldd.com.br\/catalogo-virtual\/produto\/mesa-lateral-cogumelo-baixa\/#local-main-organization-logo"},"sameAs":["https:\/\/www.facebook.com\/molddbr","https:\/\/br.pinterest.com\/molddbr","https:\/\/www.instagram.com\/moldd.br\/"],"description":"Explore m\u00f3veis sofisticados assinados por designers brasileiros. Qualidade, originalidade e eleg\u00e2ncia para o seu espa\u00e7o.","legalName":"MOLDD.BR COMERCIO DE MOVEIS LTDA","foundingDate":"2022-09-22","numberOfEmployees":{"@type":"QuantitativeValue","minValue":"11","maxValue":"50"},"address":{"@id":"https:\/\/moldd.com.br\/catalogo-virtual\/produto\/mesa-lateral-cogumelo-baixa\/#local-main-place-address"},"geo":{"@type":"GeoCoordinates","latitude":"-23.6079772","longitude":"-46.6949952"},"telephone":["(11) 3043-9220"],"contactPoint":{"@type":"ContactPoint","telephone":"(11) 3043-9220","email":"contato@moldd.com.br"},"openingHoursSpecification":[{"@type":"OpeningHoursSpecification","dayOfWeek":["Sunday"],"opens":"14:00","closes":"19:00"},{"@type":"OpeningHoursSpecification","dayOfWeek":["Monday","Tuesday","Wednesday","Thursday","Friday"],"opens":"10:00","closes":"21:00"},{"@type":"OpeningHoursSpecification","dayOfWeek":["Saturday"],"opens":"10:00","closes":"20:00"}],"email":"contato@moldd.com.br","vatID":"48.043.201\/0001-00","priceRange":"$$$$"},{"@type":"PostalAddress","@id":"https:\/\/moldd.com.br\/catalogo-virtual\/produto\/mesa-lateral-cogumelo-baixa\/#local-main-place-address","streetAddress":"R. Geraldo Flausino Gomes, 61 - 9\u00ba Andar, Cidade Mon\u00e7\u00f5es","addressLocality":"S\u00e3o Paulo","postalCode":"04575-060","addressRegion":"SP","addressCountry":"BR"},{"@type":"ImageObject","inLanguage":"pt-BR","@id":"https:\/\/moldd.com.br\/catalogo-virtual\/produto\/mesa-lateral-cogumelo-baixa\/#local-main-organization-logo","url":"","contentUrl":"","caption":"Moldd.br"}]},"product_price_amount":"7301.91","product_price_currency":"BRL","og_availability":"instock","product_availability":"instock","product_condition":"new","geo.placename":"S\u00e3o Paulo","geo.position":{"lat":"-23.6079772","long":"-46.6949952"},"geo.region":"Brasil"},"_links":{"self":[{"href":"https:\/\/moldd.com.br\/catalogo-virtual\/wp-json\/wp\/v2\/product\/7277","targetHints":{"allow":["GET"]}}],"collection":[{"href":"https:\/\/moldd.com.br\/catalogo-virtual\/wp-json\/wp\/v2\/product"}],"about":[{"href":"https:\/\/moldd.com.br\/catalogo-virtual\/wp-json\/wp\/v2\/types\/product"}],"wp:featuredmedia":[{"embeddable":true,"href":"https:\/\/moldd.com.br\/catalogo-virtual\/wp-json\/wp\/v2\/media\/7280"}],"wp:attachment":[{"href":"https:\/\/moldd.com.br\/catalogo-virtual\/wp-json\/wp\/v2\/media?parent=7277"}],"wp:term":[{"taxonomy":"product_brand","embeddable":true,"href":"https:\/\/moldd.com.br\/catalogo-virtual\/wp-json\/wp\/v2\/product_brand?post=7277"},{"taxonomy":"product_cat","embeddable":true,"href":"https:\/\/moldd.com.br\/catalogo-virtual\/wp-json\/wp\/v2\/product_cat?post=7277"},{"taxonomy":"product_tag","embeddable":true,"href":"https:\/\/moldd.com.br\/catalogo-virtual\/wp-json\/wp\/v2\/product_tag?post=7277"}],"curies":[{"name":"wp","href":"https:\/\/api.w.org\/{rel}","templated":true}]}}